{"id":120,"date":"2024-07-18T12:11:14","date_gmt":"2024-07-18T10:11:14","guid":{"rendered":"https:\/\/mariodatabase.altervista.org\/?page_id=120"},"modified":"2026-01-07T09:23:21","modified_gmt":"2026-01-07T08:23:21","slug":"tesseramento-federnat","status":"publish","type":"page","link":"https:\/\/federnat.it\/?page_id=120","title":{"rendered":"Tesseramento Federnat"},"content":{"rendered":"\n<p>La Federnat \u00e8 una Federazione che statutariamente raggruppa e coordina l\u2019autonoma attivit\u00e0 di tutti i Club regionali attivi in tutte le regioni d\u2019Italia.<br>I Club federati comunicano periodicamente alla segreteria nazionale l\u2019elenco dei propri associati che hanno titolo a essere inseriti nell\u2019elenco ufficiale nazionale dei soci ordinari a pieno titolo con diritto a partecipare a tutte le manifestazioni organizzate dalla Federnat e riservate ai soci.<\/p>\n\n\n\n<p>La quota associativa annuale va versata direttamente al proprio Club di appartenenza con le modalit\u00e0 indicate da ciascun Club.<\/p>\n\n\n\n<p>Nella sezione del sito dedicata ai&nbsp;<strong><u><a href=\"https:\/\/federnat.it\/?page_id=2990\" target=\"_blank\" rel=\"noreferrer noopener\">Club Regionali<\/a><\/u><\/strong>&nbsp;sono visibili gli elenchi dei Gentlemen soci, suddivisi per regione, in regola con il tesseramento dell&#8217;anno corrente.<\/p>\n\n\n\n<p><br>Per l&#8217;anno 2026 il Consiglio Direttivo Nazionale della Federazione ha deciso che:<\/p>\n\n\n\n<ul class=\"wp-block-list\">\n<li>La\u00a0<strong>quota<\/strong>\u00a0associativa minima \u00e8 fissata in<strong>\u00a0\u20ac 200,00<\/strong>\u00a0(duecento).<\/li>\n\n\n\n<li><strong>La quota dovr\u00e0 essere versata tassativamente al proprio Club di appartenenza entro e non oltre il 31 gennaio 2026<\/strong>. Questo per permettere alla Segreteria di comunicare al MASAF l\u2019elenco degli Associati nei primi giorni di febbraio 2026.<\/li>\n\n\n\n<li><strong>In caso di pagamento tardivo, si applicano le seguenti maggiorazioni:<br>\u2013 Entro il 28 Febbraio 2026, verr\u00e0 applicata una maggiorazione del 100% della quota, pari a \u20ac400,00 (quattrocento).<br><\/strong><strong>\u2013 Dopo il 1\u00b0 Marzo 2026 verr\u00e0 applicata una maggiorazione del 200% della quota, pari a \u20ac600,00 (seicento).<\/strong><\/li>\n<\/ul>\n\n\n\n<p><strong><br>IMPORTANTE<br><\/strong><\/p>\n\n\n\n<ul class=\"wp-block-list\">\n<li>\u00e8&nbsp;previsto anche un meccanismo alternativo di associazione con l\u2019introduzione (a norma art. 25 Regolamento Corse al Trotto gi\u00e0 vigente da anni) della&nbsp;<strong><u>possibilit\u00e0 di una delega individuale per la trattenuta a favore Federnat del 5%<\/u><\/strong>&nbsp;(quota spettante al gentlemen proprietario alla guida dei propri cavalli) quale contributo parziale all\u2019organizzazione delle attivit\u00e0 benefiche culturali e sociali a livello nazionale.Qualora nel corso dell\u2019anno il MASAF perfezioni (come ci auguriamo) il processo di versamento di tale percentuale, la quota associativa di cui al punto precedente sar\u00e0 \u201cinteramente\u201d restituita.<\/li>\n<\/ul>\n\n\n\n<p>Firmare la delega per la trattenuta del 5% impedir\u00e0 l&#8217;aumento della quota sociale che era stato gi\u00e0 deciso dal Consiglio per quest&#8217;anno e che \u00e8 stato &#8220;congelato&#8221; a causa della situazione economico-sociale determinata dal Covid-19.<\/p>\n\n\n\n<p>Si ritiene che tale procedura sia vantaggiosa in assoluto per tutti gli associati e pertanto si raccomanda ai Club federati che, pur lasciando la decisione alla sensibilit\u00e0 di ognuno, si faccia opera di persuasione affinch\u00e9 vi siano il maggior numero possibile di deleghe.<\/p>\n\n\n\n<p>I soci che intendono aderire a questa forma di contributo possono&nbsp;<a href=\"http:\/\/federnat.tiwsrl.com\/wp-content\/uploads\/2024\/09\/ModuloDelega5Federnat.pdf\" target=\"_blank\" rel=\"noreferrer noopener\"><strong>sottoscrivere il seguente modulo<\/strong>.<\/a><\/p>\n\n\n\n<p><\/p>\n","protected":false},"excerpt":{"rendered":"<p>La Federnat \u00e8 una Federazione che statutariamente raggruppa e coordina l\u2019autonoma attivit\u00e0 di tutti i Club regionali attivi in tutte le regioni d\u2019Italia.I Club federati comunicano periodicamente alla segreteria nazionale l\u2019elenco dei propri associati che hanno titolo a essere inseriti nell\u2019elenco ufficiale nazionale dei soci ordinari a pieno titolo con diritto a partecipare a tutte le manifestazioni organizzate dalla Federnat e riservate ai soci. La quota associativa annuale va versata direttamente al proprio Club di appartenenza con le modalit\u00e0 indicate da ciascun Club. Nella sezione del sito dedicata ai&nbsp;Club Regionali&nbsp;sono visibili gli elenchi dei Gentlemen soci, suddivisi per regione, in regola con il tesseramento dell&#8217;anno corrente. Per l&#8217;anno 2026 il Consiglio Direttivo Nazionale della Federazione ha deciso che: IMPORTANTE Firmare la delega per la trattenuta del 5% impedir\u00e0 l&#8217;aumento della quota sociale che era stato gi\u00e0 deciso dal Consiglio per quest&#8217;anno e che \u00e8 stato &#8220;congelato&#8221; a causa della situazione economico-sociale determinata dal Covid-19. Si ritiene che tale procedura sia vantaggiosa in assoluto per tutti gli associati e pertanto si raccomanda ai Club federati che, pur lasciando la decisione alla sensibilit\u00e0 di ognuno, si faccia opera di persuasione affinch\u00e9 vi siano il maggior numero possibile di deleghe. I soci che intendono aderire a questa forma di contributo possono&nbsp;sottoscrivere il seguente modulo.<\/p>\n","protected":false},"author":2,"featured_media":0,"parent":0,"menu_order":0,"comment_status":"closed","ping_status":"closed","template":"","meta":{"footnotes":""},"class_list":["post-120","page","type-page","status-publish","hentry"],"yoast_head":"<!-- This site is optimized with the Yoast SEO plugin v24.2 - https:\/\/yoast.com\/wordpress\/plugins\/seo\/ -->\n<title>Tesseramento Federnat - FEDERNAT<\/title>\n<meta name=\"robots\" content=\"index, follow, max-snippet:-1, max-image-preview:large, max-video-preview:-1\" \/>\n<link rel=\"canonical\" href=\"https:\/\/federnat.it\/?page_id=120\" \/>\n<meta property=\"og:locale\" content=\"it_IT\" \/>\n<meta property=\"og:type\" content=\"article\" \/>\n<meta property=\"og:title\" content=\"Tesseramento Federnat - FEDERNAT\" \/>\n<meta property=\"og:description\" content=\"La Federnat \u00e8 una Federazione che statutariamente raggruppa e coordina l\u2019autonoma attivit\u00e0 di tutti i Club regionali attivi in tutte le regioni d\u2019Italia.I Club federati comunicano periodicamente alla segreteria nazionale l\u2019elenco dei propri associati che hanno titolo a essere inseriti nell\u2019elenco ufficiale nazionale dei soci ordinari a pieno titolo con diritto a partecipare a tutte le manifestazioni organizzate dalla Federnat e riservate ai soci. La quota associativa annuale va versata direttamente al proprio Club di appartenenza con le modalit\u00e0 indicate da ciascun Club. Nella sezione del sito dedicata ai&nbsp;Club Regionali&nbsp;sono visibili gli elenchi dei Gentlemen soci, suddivisi per regione, in regola con il tesseramento dell&#8217;anno corrente. Per l&#8217;anno 2026 il Consiglio Direttivo Nazionale della Federazione ha deciso che: IMPORTANTE Firmare la delega per la trattenuta del 5% impedir\u00e0 l&#8217;aumento della quota sociale che era stato gi\u00e0 deciso dal Consiglio per quest&#8217;anno e che \u00e8 stato &#8220;congelato&#8221; a causa della situazione economico-sociale determinata dal Covid-19. Si ritiene che tale procedura sia vantaggiosa in assoluto per tutti gli associati e pertanto si raccomanda ai Club federati che, pur lasciando la decisione alla sensibilit\u00e0 di ognuno, si faccia opera di persuasione affinch\u00e9 vi siano il maggior numero possibile di deleghe. I soci che intendono aderire a questa forma di contributo possono&nbsp;sottoscrivere il seguente modulo.\" \/>\n<meta property=\"og:url\" content=\"https:\/\/federnat.it\/?page_id=120\" \/>\n<meta property=\"og:site_name\" content=\"FEDERNAT\" \/>\n<meta property=\"article:modified_time\" content=\"2026-01-07T08:23:21+00:00\" \/>\n<meta name=\"twitter:card\" content=\"summary_large_image\" \/>\n<meta name=\"twitter:label1\" content=\"Tempo di lettura stimato\" \/>\n\t<meta name=\"twitter:data1\" content=\"3 minuti\" \/>\n<script type=\"application\/ld+json\" class=\"yoast-schema-graph\">{\"@context\":\"https:\/\/schema.org\",\"@graph\":[{\"@type\":\"WebPage\",\"@id\":\"https:\/\/federnat.it\/?page_id=120\",\"url\":\"https:\/\/federnat.it\/?page_id=120\",\"name\":\"Tesseramento Federnat - FEDERNAT\",\"isPartOf\":{\"@id\":\"https:\/\/federnat.it\/#website\"},\"datePublished\":\"2024-07-18T10:11:14+00:00\",\"dateModified\":\"2026-01-07T08:23:21+00:00\",\"breadcrumb\":{\"@id\":\"https:\/\/federnat.it\/?page_id=120#breadcrumb\"},\"inLanguage\":\"it-IT\",\"potentialAction\":[{\"@type\":\"ReadAction\",\"target\":[\"https:\/\/federnat.it\/?page_id=120\"]}]},{\"@type\":\"BreadcrumbList\",\"@id\":\"https:\/\/federnat.it\/?page_id=120#breadcrumb\",\"itemListElement\":[{\"@type\":\"ListItem\",\"position\":1,\"name\":\"Home\",\"item\":\"https:\/\/federnat.it\/\"},{\"@type\":\"ListItem\",\"position\":2,\"name\":\"Tesseramento Federnat\"}]},{\"@type\":\"WebSite\",\"@id\":\"https:\/\/federnat.it\/#website\",\"url\":\"https:\/\/federnat.it\/\",\"name\":\"FEDERNAT\",\"description\":\"\",\"publisher\":{\"@id\":\"https:\/\/federnat.it\/#organization\"},\"potentialAction\":[{\"@type\":\"SearchAction\",\"target\":{\"@type\":\"EntryPoint\",\"urlTemplate\":\"https:\/\/federnat.it\/?s={search_term_string}\"},\"query-input\":{\"@type\":\"PropertyValueSpecification\",\"valueRequired\":true,\"valueName\":\"search_term_string\"}}],\"inLanguage\":\"it-IT\"},{\"@type\":\"Organization\",\"@id\":\"https:\/\/federnat.it\/#organization\",\"name\":\"FEDERNAT\",\"url\":\"https:\/\/federnat.it\/\",\"logo\":{\"@type\":\"ImageObject\",\"inLanguage\":\"it-IT\",\"@id\":\"https:\/\/federnat.it\/#\/schema\/logo\/image\/\",\"url\":\"https:\/\/federnat.it\/wp-content\/uploads\/2024\/09\/cropped-cropped-logo_federnat-removebg-preview.png\",\"contentUrl\":\"https:\/\/federnat.it\/wp-content\/uploads\/2024\/09\/cropped-cropped-logo_federnat-removebg-preview.png\",\"width\":972,\"height\":210,\"caption\":\"FEDERNAT\"},\"image\":{\"@id\":\"https:\/\/federnat.it\/#\/schema\/logo\/image\/\"}}]}<\/script>\n<!-- \/ Yoast SEO plugin. -->","yoast_head_json":{"title":"Tesseramento Federnat - FEDERNAT","robots":{"index":"index","follow":"follow","max-snippet":"max-snippet:-1","max-image-preview":"max-image-preview:large","max-video-preview":"max-video-preview:-1"},"canonical":"https:\/\/federnat.it\/?page_id=120","og_locale":"it_IT","og_type":"article","og_title":"Tesseramento Federnat - FEDERNAT","og_description":"La Federnat \u00e8 una Federazione che statutariamente raggruppa e coordina l\u2019autonoma attivit\u00e0 di tutti i Club regionali attivi in tutte le regioni d\u2019Italia.I Club federati comunicano periodicamente alla segreteria nazionale l\u2019elenco dei propri associati che hanno titolo a essere inseriti nell\u2019elenco ufficiale nazionale dei soci ordinari a pieno titolo con diritto a partecipare a tutte le manifestazioni organizzate dalla Federnat e riservate ai soci. La quota associativa annuale va versata direttamente al proprio Club di appartenenza con le modalit\u00e0 indicate da ciascun Club. Nella sezione del sito dedicata ai&nbsp;Club Regionali&nbsp;sono visibili gli elenchi dei Gentlemen soci, suddivisi per regione, in regola con il tesseramento dell&#8217;anno corrente. Per l&#8217;anno 2026 il Consiglio Direttivo Nazionale della Federazione ha deciso che: IMPORTANTE Firmare la delega per la trattenuta del 5% impedir\u00e0 l&#8217;aumento della quota sociale che era stato gi\u00e0 deciso dal Consiglio per quest&#8217;anno e che \u00e8 stato &#8220;congelato&#8221; a causa della situazione economico-sociale determinata dal Covid-19. Si ritiene che tale procedura sia vantaggiosa in assoluto per tutti gli associati e pertanto si raccomanda ai Club federati che, pur lasciando la decisione alla sensibilit\u00e0 di ognuno, si faccia opera di persuasione affinch\u00e9 vi siano il maggior numero possibile di deleghe. I soci che intendono aderire a questa forma di contributo possono&nbsp;sottoscrivere il seguente modulo.","og_url":"https:\/\/federnat.it\/?page_id=120","og_site_name":"FEDERNAT","article_modified_time":"2026-01-07T08:23:21+00:00","twitter_card":"summary_large_image","twitter_misc":{"Tempo di lettura stimato":"3 minuti"},"schema":{"@context":"https:\/\/schema.org","@graph":[{"@type":"WebPage","@id":"https:\/\/federnat.it\/?page_id=120","url":"https:\/\/federnat.it\/?page_id=120","name":"Tesseramento Federnat - FEDERNAT","isPartOf":{"@id":"https:\/\/federnat.it\/#website"},"datePublished":"2024-07-18T10:11:14+00:00","dateModified":"2026-01-07T08:23:21+00:00","breadcrumb":{"@id":"https:\/\/federnat.it\/?page_id=120#breadcrumb"},"inLanguage":"it-IT","potentialAction":[{"@type":"ReadAction","target":["https:\/\/federnat.it\/?page_id=120"]}]},{"@type":"BreadcrumbList","@id":"https:\/\/federnat.it\/?page_id=120#breadcrumb","itemListElement":[{"@type":"ListItem","position":1,"name":"Home","item":"https:\/\/federnat.it\/"},{"@type":"ListItem","position":2,"name":"Tesseramento Federnat"}]},{"@type":"WebSite","@id":"https:\/\/federnat.it\/#website","url":"https:\/\/federnat.it\/","name":"FEDERNAT","description":"","publisher":{"@id":"https:\/\/federnat.it\/#organization"},"potentialAction":[{"@type":"SearchAction","target":{"@type":"EntryPoint","urlTemplate":"https:\/\/federnat.it\/?s={search_term_string}"},"query-input":{"@type":"PropertyValueSpecification","valueRequired":true,"valueName":"search_term_string"}}],"inLanguage":"it-IT"},{"@type":"Organization","@id":"https:\/\/federnat.it\/#organization","name":"FEDERNAT","url":"https:\/\/federnat.it\/","logo":{"@type":"ImageObject","inLanguage":"it-IT","@id":"https:\/\/federnat.it\/#\/schema\/logo\/image\/","url":"https:\/\/federnat.it\/wp-content\/uploads\/2024\/09\/cropped-cropped-logo_federnat-removebg-preview.png","contentUrl":"https:\/\/federnat.it\/wp-content\/uploads\/2024\/09\/cropped-cropped-logo_federnat-removebg-preview.png","width":972,"height":210,"caption":"FEDERNAT"},"image":{"@id":"https:\/\/federnat.it\/#\/schema\/logo\/image\/"}}]}},"_links":{"self":[{"href":"https:\/\/federnat.it\/index.php?rest_route=\/wp\/v2\/pages\/120","targetHints":{"allow":["GET"]}}],"collection":[{"href":"https:\/\/federnat.it\/index.php?rest_route=\/wp\/v2\/pages"}],"about":[{"href":"https:\/\/federnat.it\/index.php?rest_route=\/wp\/v2\/types\/page"}],"author":[{"embeddable":true,"href":"https:\/\/federnat.it\/index.php?rest_route=\/wp\/v2\/users\/2"}],"replies":[{"embeddable":true,"href":"https:\/\/federnat.it\/index.php?rest_route=%2Fwp%2Fv2%2Fcomments&post=120"}],"version-history":[{"count":8,"href":"https:\/\/federnat.it\/index.php?rest_route=\/wp\/v2\/pages\/120\/revisions"}],"predecessor-version":[{"id":5938,"href":"https:\/\/federnat.it\/index.php?rest_route=\/wp\/v2\/pages\/120\/revisions\/5938"}],"wp:attachment":[{"href":"https:\/\/federnat.it\/index.php?rest_route=%2Fwp%2Fv2%2Fmedia&parent=120"}],"curies":[{"name":"wp","href":"https:\/\/api.w.org\/{rel}","templated":true}]}}